{"id":1411,"date":"2017-02-14T09:59:00","date_gmt":"2017-02-14T08:59:00","guid":{"rendered":"http:\/\/sls.sk\/web\/?page_id=1411"},"modified":"2026-03-11T21:15:13","modified_gmt":"2026-03-11T20:15:13","slug":"stanovy-a-zakladne-vnutorne-predpisy-sls","status":"publish","type":"page","link":"https:\/\/sls.sk\/web\/stanovy-a-zakladne-vnutorne-predpisy-sls\/","title":{"rendered":"Stanovy a z\u00e1kladn\u00e9 vn\u00fatorn\u00e9 predpisy SLS"},"content":{"rendered":"<ul>\n<li><a href=\"https:\/\/sls.sk\/web\/wp-content\/uploads\/2026\/01\/STANOVY-Slovenskej-lekarskej-spolocnosti.pdf\">STANOVY Slovenskej lek\u00e1rskej spolo\u010dnosti<\/a><a href=\"https:\/\/sls.sk\/web\/wp-content\/uploads\/2020\/12\/Stanovy-SLS-2020.pdf\">\u00a0<\/a><\/li>\n<li><a href=\"https:\/\/sls.sk\/web\/wp-content\/uploads\/2026\/01\/HOSPODARSKY-PORIADOK-SLS-1.1.2026.pdf\">HOSPOD\u00c1RSKY PORIADOK SLS 1.1.2026<\/a><\/li>\n<li><a href=\"https:\/\/sls.sk\/web\/wp-content\/uploads\/2026\/01\/VOLEBNY-PORIADOK-SLS-1.1.2026.pdf\">VOLEBN\u00dd PORIADOK SLS 1.1.2026<\/a><\/li>\n<li><a href=\"https:\/\/sls.sk\/web\/wp-content\/uploads\/2026\/01\/ROKOVACI-PORIADOK-SLS-1.1.2026.pdf\">ROKOVAC\u00cd PORIADOK SLS 1.1.2026<\/a><\/li>\n<li><a href=\"https:\/\/sls.sk\/web\/wp-content\/uploads\/2023\/05\/Prava-a-povinnosti-zvolenych-funkcionarov-OZ-SLS-1.pdf\">Pr\u00e1va a povinnosti zvolen\u00fdch funkcion\u00e1rov OZ SLS<\/a><\/li>\n<li><a href=\"https:\/\/sls.sk\/web\/wp-content\/uploads\/2023\/05\/Vnutorny-poriadok-org.-poriadok-VZOR-pre-OS.pdf\">Vn\u00fatorn\u00fd poriadok &#8211; org. poriadok VZOR pre OS<\/a><\/li>\n<li><a href=\"http:\/\/sls.sk\/web\/wp-content\/uploads\/2018\/02\/Metodick\u00e9-pokyny-SLS-pre-organiz\u00e1ciu-CME-podujat\u00ed-platn\u00e9-od-1-01-2016.pdf\">Metodick\u00e9 pokyny SLS pre organiz\u00e1ciu CME podujat\u00ed platn\u00e9 od 1 01 2016<\/a><\/li>\n<\/ul>\n<ul>\n<li><a href=\"http:\/\/sls.sk\/web\/wp-content\/uploads\/2020\/02\/\u010cestn\u00e9-vyhl\u00e1senie-pri-refund\u00e1cii-vlastn\u00fdch-v\u00fddavkov-tla\u010divo-I.-s-riadkami.doc\">\u010cestn\u00e9 vyhl\u00e1senie pri refund\u00e1cii vlastn\u00fdch v\u00fddavkov &#8211; tla\u010divo <\/a><\/li>\n<li><a href=\"https:\/\/sls.sk\/web\/wp-content\/uploads\/2026\/03\/Tlacivo-Ziadost-clena-SLS-o-financny-prispevok-z-prostriedkov-OZ-SLS-na-cestovne-vydavky.docx\">Tla\u010divo &#8211; \u017diados\u0165 \u010dlena SLS o finan\u010dn\u00fd pr\u00edspevok z prostriedkov OZ SLS na cestovn\u00e9 v\u00fddavky<\/a><\/li>\n<li><a href=\"https:\/\/sls.sk\/web\/wp-content\/uploads\/2026\/03\/Tlacivo-Ziadost-clena-SLS-o-fin.prispevok-z-prostriedkov-OZ-SLS.docx\">Tla\u010divo &#8211; \u017diados\u0165 \u010dlena SLS o finan\u010dn\u00fd pr\u00edspevok z prostriedkov OZ SLS<\/a><\/li>\n<li><a href=\"https:\/\/sls.sk\/web\/wp-content\/uploads\/2025\/12\/MZ-SR-Sekcia-legislativy-prava-a-akc.prav_.pdf\">MZ SR Sekcia legislat\u00edvy , pr\u00e1va a akc.pr\u00e1v<\/a><\/li>\n<li><a href=\"https:\/\/sls.sk\/web\/wp-content\/uploads\/2025\/12\/MZ-SR-Sekcia-legislativy-prava-a-akc.prav_.-Poziadavka-SLS-1.pdf\">MZ SR Sekcia legislat\u00edvy, pr\u00e1va a akc.pr\u00e1v. Po\u017eiadavka SLS<\/a><\/li>\n<\/ul>\n","protected":false},"excerpt":{"rendered":"<p>STANOVY Slovenskej lek\u00e1rskej spolo\u010dnosti\u00a0 HOSPOD\u00c1RSKY PORIADOK SLS 1.1.2026 VOLEBN\u00dd PORIADOK SLS 1.1.2026 ROKOVAC\u00cd PORIADOK SLS 1.1.2026 Pr\u00e1va a povinnosti zvolen\u00fdch funkcion\u00e1rov OZ SLS Vn\u00fatorn\u00fd poriadok &#8211; org. poriadok VZOR pre OS Metodick\u00e9 pokyny SLS pre organiz\u00e1ciu CME podujat\u00ed platn\u00e9 od 1 01 2016 \u010cestn\u00e9 vyhl\u00e1senie pri refund\u00e1cii vlastn\u00fdch v\u00fddavkov &#8211; tla\u010divo Tla\u010divo &#8211; \u017diados\u0165 \u010dlena [&hellip;]<\/p>\n","protected":false},"author":1,"featured_media":0,"parent":0,"menu_order":0,"comment_status":"closed","ping_status":"closed","template":"","meta":{"footnotes":""},"class_list":["post-1411","page","type-page","status-publish","hentry"],"publishpress_future_action":{"enabled":false,"date":"2026-04-23 06:24:14","action":"change-status","newStatus":"draft","terms":[],"taxonomy":"","extraData":[]},"publishpress_future_workflow_manual_trigger":{"enabledWorkflows":[]},"_links":{"self":[{"href":"https:\/\/sls.sk\/web\/wp-json\/wp\/v2\/pages\/1411","targetHints":{"allow":["GET"]}}],"collection":[{"href":"https:\/\/sls.sk\/web\/wp-json\/wp\/v2\/pages"}],"about":[{"href":"https:\/\/sls.sk\/web\/wp-json\/wp\/v2\/types\/page"}],"author":[{"embeddable":true,"href":"https:\/\/sls.sk\/web\/wp-json\/wp\/v2\/users\/1"}],"replies":[{"embeddable":true,"href":"https:\/\/sls.sk\/web\/wp-json\/wp\/v2\/comments?post=1411"}],"version-history":[{"count":26,"href":"https:\/\/sls.sk\/web\/wp-json\/wp\/v2\/pages\/1411\/revisions"}],"predecessor-version":[{"id":1413,"href":"https:\/\/sls.sk\/web\/wp-json\/wp\/v2\/pages\/1411\/revisions\/1413"}],"wp:attachment":[{"href":"https:\/\/sls.sk\/web\/wp-json\/wp\/v2\/media?parent=1411"}],"curies":[{"name":"wp","href":"https:\/\/api.w.org\/{rel}","templated":true}]}}