{"id":1471,"date":"2017-02-14T11:05:53","date_gmt":"2017-02-14T10:05:53","guid":{"rendered":"http:\/\/sls.sk\/web\/?page_id=1471"},"modified":"2026-01-21T09:56:01","modified_gmt":"2026-01-21T08:56:01","slug":"clenstvo-v-sls","status":"publish","type":"page","link":"https:\/\/sls.sk\/web\/clenstvo-v-sls\/","title":{"rendered":"\u010clenstvo v SLS"},"content":{"rendered":"<div class=\"blok\">\n<div>\n<p><a href=\"https:\/\/sls.sk\/web\/wp-content\/uploads\/2026\/01\/PRISPEVKOVY-PORIADOK-SLS-1.1.2026.pdf\">PR\u00cdSPEVKOV\u00dd PORIADOK SLS 1.1.2026<\/a><\/p>\n<p><a href=\"https:\/\/sls.sk\/web\/wp-content\/uploads\/2026\/01\/Prispevkovy-poriadok-SLS-pre-clenov-SSSaPA-SSLaZ-SSFLaTZP-1.1.2026.pdf\">Pr\u00edspevkov\u00fd poriadok SLS pre \u010dlenov SSSaPA SSLaZ SSFLaTZP 1.1.2026<\/a><\/p>\n<\/div>\n<\/div>\n<div class=\"blok\">\n<div>\n<ul>\n<li><a href=\"https:\/\/sls.sk\/web\/wp-content\/uploads\/2025\/04\/Tlacivo-Clenska-prihlaska-SLS.doc\">Tla\u010divo &#8211; \u010clensk\u00e1 prihl\u00e1\u0161ka SLS<\/a><\/li>\n<li><a href=\"https:\/\/sls.sk\/web\/wp-content\/uploads\/2022\/05\/Clenska-prihlaska-SSFLaTZP-SSLaAZ-Tlacivo.doc\">\u010clensk\u00e1 prihl\u00e1\u0161ka SSFLaTZP SSLaAZ Tla\u010divo<\/a><\/li>\n<li><a href=\"https:\/\/sls.sk\/web\/wp-content\/uploads\/2022\/01\/Tlacivo-Clenska-prihlaska-SESTRY-spolocna.doc\">Tla\u010divo &#8211; \u010clensk\u00e1 prihl\u00e1\u0161ka &#8211; SESTRY spolo\u010dn\u00e1<\/a><\/li>\n<li><a href=\"https:\/\/sls.sk\/web\/wp-content\/uploads\/2022\/01\/SZP-Odborne-sekcie-spolky-sestier.doc\">SZP &#8211; Odborn\u00e9 sekcie + spolky sestier<\/a><\/li>\n<li><a href=\"https:\/\/sls.sk\/web\/wp-content\/uploads\/2022\/05\/Zoznam-Spolky-sestier-SSPA.doc\">Zoznam Spolky sestier (SSPA)<\/a><\/li>\n<li><a href=\"https:\/\/sls.sk\/web\/wp-content\/uploads\/2022\/01\/Spolky-sestier-bez-pravnej-subjektivity.doc\">Spolky sestier (bez pr\u00e1vnej subjektivity)<\/a><\/li>\n<li><a href=\"https:\/\/sls.sk\/web\/wp-content\/uploads\/2022\/05\/Tlacivo-Aktualizacia-udajov.doc\">Tla\u010divo Aktualiz\u00e1cia \u00fadajov<\/a><\/li>\n<li><a href=\"https:\/\/sls.sk\/web\/wp-content\/uploads\/2022\/05\/Tlacivo-Rozsirenie-clenstva-SLS.doc\">Tla\u010divo &#8211; Roz\u0161\u00edrenie \u010dlenstva SLS<\/a><\/li>\n<li><a href=\"https:\/\/sls.sk\/web\/wp-content\/uploads\/2022\/05\/Tlacivo-Zrusenie-clenstva-SLS.doc\">Tla\u010divo &#8211; Zru\u0161enie \u010dlenstva SLS<\/a><\/li>\n<li><a href=\"https:\/\/sls.sk\/web\/wp-content\/uploads\/2023\/12\/Zoznam-OS-bez-pravnej-subjektivity.doc\">Zoznam OS (bez pr\u00e1vnej subjektivity)<\/a><\/li>\n<li><a href=\"https:\/\/sls.sk\/web\/wp-content\/uploads\/2023\/12\/Zoznam-OS-kolektivni-clenovia.doc\">Zoznam OS (kolekt\u00edvni \u010dlenovia)<\/a><\/li>\n<li><a href=\"https:\/\/sls.sk\/web\/wp-content\/uploads\/2023\/12\/Zoznam-pridruzenych-clenov-SLS.doc\">Zoznam pridru\u017een\u00fdch \u010dlenov SLS<\/a><\/li>\n<li><a href=\"https:\/\/sls.sk\/web\/wp-content\/uploads\/2024\/10\/Zoznam-sekcii-pri-OS.doc\">Zoznam sekci\u00ed pri OS<\/a><\/li>\n<li><a href=\"https:\/\/sls.sk\/web\/wp-content\/uploads\/2023\/12\/Spolocnosti-ABC-skratka-kod.doc\">Spolo\u010dnosti ABC (skratka k\u00f3d)<\/a><\/li>\n<li><a href=\"https:\/\/sls.sk\/web\/wp-content\/uploads\/2022\/01\/Spolky-ABC.doc\">Spolky ABC<\/a><\/li>\n<li><a href=\"https:\/\/sls.sk\/web\/wp-content\/uploads\/2023\/12\/Zoznam-Spolkov-lekarov-SLS.doc\">Zoznam Spolkov lek\u00e1rov SLS<\/a><\/li>\n<li><a href=\"https:\/\/sls.sk\/web\/wp-content\/uploads\/2023\/12\/Zoznam-Spolkov-farmaceutov-SLS.doc\">Zoznam Spolkov farmaceutov SLS<\/a><\/li>\n<li><a href=\"https:\/\/sls.sk\/web\/wp-content\/uploads\/2022\/01\/Spolky-lekarov-bez-pravnej-subjektivity.doc\">Spolky lek\u00e1rov (bez pr\u00e1vnej subjektivity)<\/a><\/li>\n<li><a href=\"http:\/\/sls.sk\/web\/clenska-karta-clena-sls\/\">\u010clensk\u00e1 karta \u010dlena SLS<\/a><\/li>\n<\/ul>\n<\/div>\n<\/div>\n<div><\/div>\n<div><\/div>\n","protected":false},"excerpt":{"rendered":"<p>PR\u00cdSPEVKOV\u00dd PORIADOK SLS 1.1.2026 Pr\u00edspevkov\u00fd poriadok SLS pre \u010dlenov SSSaPA SSLaZ SSFLaTZP 1.1.2026 Tla\u010divo &#8211; \u010clensk\u00e1 prihl\u00e1\u0161ka SLS \u010clensk\u00e1 prihl\u00e1\u0161ka SSFLaTZP SSLaAZ Tla\u010divo Tla\u010divo &#8211; \u010clensk\u00e1 prihl\u00e1\u0161ka &#8211; SESTRY spolo\u010dn\u00e1 SZP &#8211; Odborn\u00e9 sekcie + spolky sestier Zoznam Spolky sestier (SSPA) Spolky sestier (bez pr\u00e1vnej subjektivity) Tla\u010divo Aktualiz\u00e1cia \u00fadajov Tla\u010divo &#8211; Roz\u0161\u00edrenie \u010dlenstva SLS Tla\u010divo [&hellip;]<\/p>\n","protected":false},"author":1,"featured_media":0,"parent":0,"menu_order":0,"comment_status":"closed","ping_status":"closed","template":"","meta":{"footnotes":""},"class_list":["post-1471","page","type-page","status-publish","hentry"],"publishpress_future_action":{"enabled":false,"date":"2026-04-17 05:21:56","action":"change-status","newStatus":"draft","terms":[],"taxonomy":"","extraData":[]},"publishpress_future_workflow_manual_trigger":{"enabledWorkflows":[]},"_links":{"self":[{"href":"https:\/\/sls.sk\/web\/wp-json\/wp\/v2\/pages\/1471","targetHints":{"allow":["GET"]}}],"collection":[{"href":"https:\/\/sls.sk\/web\/wp-json\/wp\/v2\/pages"}],"about":[{"href":"https:\/\/sls.sk\/web\/wp-json\/wp\/v2\/types\/page"}],"author":[{"embeddable":true,"href":"https:\/\/sls.sk\/web\/wp-json\/wp\/v2\/users\/1"}],"replies":[{"embeddable":true,"href":"https:\/\/sls.sk\/web\/wp-json\/wp\/v2\/comments?post=1471"}],"version-history":[{"count":71,"href":"https:\/\/sls.sk\/web\/wp-json\/wp\/v2\/pages\/1471\/revisions"}],"predecessor-version":[{"id":6423,"href":"https:\/\/sls.sk\/web\/wp-json\/wp\/v2\/pages\/1471\/revisions\/6423"}],"wp:attachment":[{"href":"https:\/\/sls.sk\/web\/wp-json\/wp\/v2\/media?parent=1471"}],"curies":[{"name":"wp","href":"https:\/\/api.w.org\/{rel}","templated":true}]}}