{"id":1473,"date":"2017-02-14T11:06:44","date_gmt":"2017-02-14T10:06:44","guid":{"rendered":"http:\/\/sls.sk\/web\/?page_id=1473"},"modified":"2026-04-01T12:14:10","modified_gmt":"2026-04-01T10:14:10","slug":"ceny-a-pocty","status":"publish","type":"page","link":"https:\/\/sls.sk\/web\/ceny-a-pocty\/","title":{"rendered":"Ceny a pocty"},"content":{"rendered":"<div class=\"newsList\">\n<div class=\"blok\">\n<div>\n<ul>\n<li><a href=\"https:\/\/sls.sk\/web\/wp-content\/uploads\/2026\/04\/STATUT-cien-a-poct-SLS.pdf\">\u0160TAT\u00daT cien a p\u00f4ct SLS<\/a><\/li>\n<li><a href=\"https:\/\/sls.sk\/web\/wp-content\/uploads\/2026\/04\/Priloha-c.-1.-Statutu-pre-udelovanie-poct-a-cien-SLS.pdf\">Pr\u00edloha \u010d. 1. \u0160tat\u00fatu pre ude\u013eovanie p\u00f4ct a cien SLS<\/a><\/li>\n<li><a href=\"https:\/\/sls.sk\/web\/wp-content\/uploads\/2026\/04\/Priloha-c.-2.-Statutu-pre-udelovanie-poct-a-cien-SLS.pdf\">Pr\u00edloha \u010d. 2. \u0160tat\u00fatu pre ude\u013eovanie p\u00f4ct a cien SLS<\/a><\/li>\n<li><a href=\"https:\/\/sls.sk\/web\/wp-content\/uploads\/2026\/04\/Priloha-c.-3.-Statutu-pre-udelovanie-poct-a-cien-SLS.pdf\">Pr\u00edloha \u010d. 3. \u0160tat\u00fatu pre ude\u013eovanie p\u00f4ct a cien SLS<\/a><\/li>\n<li><a href=\"https:\/\/sls.sk\/web\/wp-content\/uploads\/2026\/04\/Priloha-c.-4.-Statutu-pre-udelovanie-poct-a-cien-SLS.pdf\">Pr\u00edloha \u010d. 4. \u0160tat\u00fatu pre ude\u013eovanie p\u00f4ct a cien SLS<\/a><\/li>\n<li><a href=\"https:\/\/sls.sk\/web\/wp-content\/uploads\/2026\/04\/Priloha-c.-5.-Statutu-pre-udelovanie-poct-a-cien-SLS.pdf\">Pr\u00edloha \u010d. 5. \u0160tat\u00fatu pre ude\u013eovanie p\u00f4ct a cien SLS<\/a><\/li>\n<li><a href=\"https:\/\/sls.sk\/web\/wp-content\/uploads\/2026\/04\/Priloha-c.-6.-Statutu-pre-udelovanie-poct-a-cien-SLS.pdf\">Pr\u00edloha \u010d. 6. \u0160tat\u00fatu pre ude\u013eovanie p\u00f4ct a cien SLS<\/a><\/li>\n<\/ul>\n<\/div>\n<\/div>\n<\/div>\n<h2><\/h2>\n<h2>Dvorana sl\u00e1vy SLS<\/h2>\n<ul>\n<li><a href=\"https:\/\/sls.sk\/web\/wp-content\/uploads\/2025\/06\/DS-SLS-XV.-24.06.2025-program-F.pdf\" target=\"_blank\" rel=\"noopener\">Dvorana sl\u00e1vy SLS XV. (24.06.2025) &#8211; Program<\/a><\/li>\n<li><a href=\"https:\/\/sls.sk\/web\/wp-content\/uploads\/2025\/06\/DS-SLS-XV.-24.06.2025-prezentacia-F.pdf\" target=\"_blank\" rel=\"noopener\">Dvorana sl\u00e1vy SLS XV. (24.06.2025) &#8211; Prezent\u00e1cia<\/a><\/li>\n<li><a href=\"https:\/\/sls.sk\/web\/wp-content\/uploads\/2024\/07\/DS-SLS-XIV.-25.06.2024-program-F-21.06.24.pdf\">Dvorana sl\u00e1vy SLS XIV. (25.06.2024)<\/a><\/li>\n<li><a href=\"https:\/\/sls.sk\/web\/wp-content\/uploads\/2023\/11\/Dvorana-slavy-SLS-XIII.-27.06.2023-program.pdf\" target=\"_blank\" rel=\"noopener\">Dvorana sl\u00e1vy SLS XIII. (27.06.2023)<\/a><\/li>\n<li><a href=\"https:\/\/sls.sk\/web\/wp-content\/uploads\/2023\/03\/Dvorana-slavy-SLS-XII.-28.06.2022-program.pdf\" target=\"_blank\" rel=\"noopener\">Dvorana sl\u00e1vy SLS XII. (28.06.2022)<\/a><\/li>\n<li><a href=\"https:\/\/sls.sk\/web\/wp-content\/uploads\/2023\/03\/Dvorana-slavy-SLS-XI.-21.09.2021-program-a-prezentacia.pdf\" target=\"_blank\" rel=\"noopener\">Dvorana sl\u00e1vy SLS XI. (21.09.2021)<\/a><\/li>\n<li><a href=\"https:\/\/sls.sk\/web\/wp-content\/uploads\/2023\/01\/Dvorana-slavy-SLS-X.-20.09.2019-program.pdf\" target=\"_blank\" rel=\"noopener\">Dvorana sl\u00e1vy SLS X. (20.09.2019)<\/a><\/li>\n<li><a href=\"https:\/\/sls.sk\/web\/wp-content\/uploads\/2023\/01\/Dvorana-slavy-SLS-IX.-18.09.2018-program.pdf\" target=\"_blank\" rel=\"noopener\">Dvorana sl\u00e1vy SLS IX. (18.09.2018)<\/a><\/li>\n<li><a href=\"https:\/\/sls.sk\/web\/wp-content\/uploads\/2023\/01\/Dvorana-slavy-SLS-VIII.-19.09.2017-program.pdf\" target=\"_blank\" rel=\"noopener\">Dvorana sl\u00e1vy SLS VIII. (19.09.2017)<\/a><\/li>\n<li><a href=\"https:\/\/sls.sk\/web\/wp-content\/uploads\/2023\/01\/Dvorana-slavy-SLS-VII.14.12.-2016-program.pdf\" target=\"_blank\" rel=\"noopener\">Dvorana sl\u00e1vy SLS VII. (14.12. 2016)<\/a><\/li>\n<li><a href=\"https:\/\/sls.sk\/web\/wp-content\/uploads\/2023\/01\/Dvorana-slavy-SLS-VI.-14.06.2016-program.pdf\" target=\"_blank\" rel=\"noopener\">Dvorana sl\u00e1vy SLS VI. (14.06.2016)<\/a><\/li>\n<li><a href=\"https:\/\/sls.sk\/web\/wp-content\/uploads\/2023\/01\/Dvorana-slavy-SLS-V.-8.12.2015-program.pdf\" target=\"_blank\" rel=\"noopener\">Dvorana sl\u00e1vy SLS V. (8.12.2015)<\/a><\/li>\n<li><a href=\"https:\/\/sls.sk\/web\/wp-content\/uploads\/2023\/01\/Dvorana-slavy-SLS-IV.-15.04.2015-program.pdf\" target=\"_blank\" rel=\"noopener\">Dvorana sl\u00e1vy SLS IV. (15.04.2015)<\/a><\/li>\n<li><a href=\"https:\/\/sls.sk\/web\/wp-content\/uploads\/2023\/01\/Dvorana-slavy-SLS-III.-16.12.2014-program.pdf\" target=\"_blank\" rel=\"noopener\">Dvorana sl\u00e1vy SLS III. (16.12.2014)<\/a><\/li>\n<li><a href=\"https:\/\/sls.sk\/web\/wp-content\/uploads\/2023\/01\/Dvorana-slavy-SLS-II.-25.03.2014-program.pdf\" target=\"_blank\" rel=\"noopener\">Dvorana sl\u00e1vy SLS II. (25.03.2014)<\/a><\/li>\n<li><a href=\"https:\/\/sls.sk\/web\/wp-content\/uploads\/2023\/01\/Dvorana-slavy-SLS-I.-9.09.2013-program.pdf\" target=\"_blank\" rel=\"noopener\">Dvorana sl\u00e1vy SLS I. (9.09.2013)<\/a><\/li>\n<\/ul>\n[\/su_list]\n<p><strong><a href=\"https:\/\/sls.sk\/web\/wp-content\/uploads\/2024\/11\/Statut-Dvorany-Slavy-s-prilohou-c.1.pdf\">\u0160tat\u00fat Dvorany Sl\u00e1vy s pr\u00edlohou \u010d.1<\/a><\/strong><\/p>\n<ul>\n<li><a href=\"http:\/\/sls.sk\/web\/wp-content\/uploads\/2020\/02\/Pr\u00edloha-\u010d.-2-k-Dvorane-sl\u00e1vy-Profesijn\u00fd-\u017eivotopis.doc\">Pr\u00edloha \u010d. 2 k Dvorane sl\u00e1vy\u00a0 Profesijn\u00fd \u017eivotopis<\/a><\/li>\n<\/ul>\n","protected":false},"excerpt":{"rendered":"<p>\u0160TAT\u00daT cien a p\u00f4ct SLS Pr\u00edloha \u010d. 1. \u0160tat\u00fatu pre ude\u013eovanie p\u00f4ct a cien SLS Pr\u00edloha \u010d. 2. \u0160tat\u00fatu pre ude\u013eovanie p\u00f4ct a cien SLS Pr\u00edloha \u010d. 3. \u0160tat\u00fatu pre ude\u013eovanie p\u00f4ct a cien SLS Pr\u00edloha \u010d. 4. \u0160tat\u00fatu pre ude\u013eovanie p\u00f4ct a cien SLS Pr\u00edloha \u010d. 5. \u0160tat\u00fatu pre ude\u013eovanie p\u00f4ct a cien SLS [&hellip;]<\/p>\n","protected":false},"author":1,"featured_media":0,"parent":0,"menu_order":0,"comment_status":"closed","ping_status":"closed","template":"","meta":{"footnotes":""},"class_list":["post-1473","page","type-page","status-publish","hentry"],"publishpress_future_action":{"enabled":false,"date":"2026-04-11 02:23:09","action":"change-status","newStatus":"draft","terms":[],"taxonomy":"","extraData":[]},"publishpress_future_workflow_manual_trigger":{"enabledWorkflows":[]},"_links":{"self":[{"href":"https:\/\/sls.sk\/web\/wp-json\/wp\/v2\/pages\/1473","targetHints":{"allow":["GET"]}}],"collection":[{"href":"https:\/\/sls.sk\/web\/wp-json\/wp\/v2\/pages"}],"about":[{"href":"https:\/\/sls.sk\/web\/wp-json\/wp\/v2\/types\/page"}],"author":[{"embeddable":true,"href":"https:\/\/sls.sk\/web\/wp-json\/wp\/v2\/users\/1"}],"replies":[{"embeddable":true,"href":"https:\/\/sls.sk\/web\/wp-json\/wp\/v2\/comments?post=1473"}],"version-history":[{"count":27,"href":"https:\/\/sls.sk\/web\/wp-json\/wp\/v2\/pages\/1473\/revisions"}],"predecessor-version":[{"id":6530,"href":"https:\/\/sls.sk\/web\/wp-json\/wp\/v2\/pages\/1473\/revisions\/6530"}],"wp:attachment":[{"href":"https:\/\/sls.sk\/web\/wp-json\/wp\/v2\/media?parent=1473"}],"curies":[{"name":"wp","href":"https:\/\/api.w.org\/{rel}","templated":true}]}}