{"id":1477,"date":"2017-02-14T11:07:55","date_gmt":"2017-02-14T10:07:55","guid":{"rendered":"http:\/\/sls.sk\/web\/?page_id=1477"},"modified":"2020-01-21T22:19:28","modified_gmt":"2020-01-21T21:19:28","slug":"casopisy-a-publikacie","status":"publish","type":"page","link":"https:\/\/sls.sk\/web\/casopisy-a-publikacie\/","title":{"rendered":"\u010casopisy a publik\u00e1cie"},"content":{"rendered":"<div class=\"newsList\">\n<div class=\"blok\">\n<div>\n<p><strong><a href=\"http:\/\/sls.sk\/web\/category\/publikacie\/casopisy\/\">\u010casopisy<\/a> <\/strong><\/p>\n<ul>\n<li><a href=\"\/web\/category\/publikacie\/casopisy\/revue-osetrovatelstva-a-laboratornych-metodik\/\">Revue o\u0161etrovate\u013estva a laborat\u00f3rnych metod\u00edk<\/a><\/li>\n<li><a href=\"\/web\/category\/publikacie\/casopisy\/medicinsky-monitor\/\">Medic\u00ednsky monitor<\/a><\/li>\n<li><a href=\"http:\/\/sls.sk\/web\/category\/publikacie\/casopisy\/monitor-mediciny-sls\/\">Monitor medic\u00edny SLS<\/a><\/li>\n<\/ul>\n<\/div>\n<\/div>\n<div class=\"blok\">\n<div>\n<p><strong><a href=\"http:\/\/sls.sk\/web\/category\/publikacie\/knihy-a-ine-publikacie\/\">Knihy a\u00a0in\u00e9 publik\u00e1cie<\/a><\/strong><\/p>\n<\/div>\n<\/div>\n<\/div>\n","protected":false},"excerpt":{"rendered":"<p>\u010casopisy Revue o\u0161etrovate\u013estva a laborat\u00f3rnych metod\u00edk Medic\u00ednsky monitor Monitor medic\u00edny SLS Knihy a\u00a0in\u00e9 publik\u00e1cie<\/p>\n","protected":false},"author":1,"featured_media":0,"parent":0,"menu_order":0,"comment_status":"closed","ping_status":"closed","template":"","meta":{"footnotes":""},"class_list":["post-1477","page","type-page","status-publish","hentry"],"publishpress_future_action":{"enabled":false,"date":"2026-04-29 04:59:02","action":"change-status","newStatus":"draft","terms":[],"taxonomy":"","extraData":[]},"publishpress_future_workflow_manual_trigger":{"enabledWorkflows":[]},"_links":{"self":[{"href":"https:\/\/sls.sk\/web\/wp-json\/wp\/v2\/pages\/1477","targetHints":{"allow":["GET"]}}],"collection":[{"href":"https:\/\/sls.sk\/web\/wp-json\/wp\/v2\/pages"}],"about":[{"href":"https:\/\/sls.sk\/web\/wp-json\/wp\/v2\/types\/page"}],"author":[{"embeddable":true,"href":"https:\/\/sls.sk\/web\/wp-json\/wp\/v2\/users\/1"}],"replies":[{"embeddable":true,"href":"https:\/\/sls.sk\/web\/wp-json\/wp\/v2\/comments?post=1477"}],"version-history":[{"count":8,"href":"https:\/\/sls.sk\/web\/wp-json\/wp\/v2\/pages\/1477\/revisions"}],"predecessor-version":[{"id":3348,"href":"https:\/\/sls.sk\/web\/wp-json\/wp\/v2\/pages\/1477\/revisions\/3348"}],"wp:attachment":[{"href":"https:\/\/sls.sk\/web\/wp-json\/wp\/v2\/media?parent=1477"}],"curies":[{"name":"wp","href":"https:\/\/api.w.org\/{rel}","templated":true}]}}