{"id":1560,"date":"2017-02-14T18:46:41","date_gmt":"2017-02-14T17:46:41","guid":{"rendered":"http:\/\/sls.sk\/web\/?page_id=1560"},"modified":"2017-02-14T18:46:41","modified_gmt":"2017-02-14T17:46:41","slug":"vyhlasenia-a-stanoviska-sls","status":"publish","type":"page","link":"https:\/\/sls.sk\/web\/vyhlasenia-a-stanoviska-sls\/","title":{"rendered":"Vyhl\u00e1senia a stanovisk\u00e1 SLS"},"content":{"rendered":"<p><a href=\"http:\/\/sls.sk\/new\/upload\/prispevok01.doc\" target=\"_blank\">Slovensk\u00e1 lek\u00e1rska spolo\u010dnos\u0165 k reforme zdravotn\u00edctva SR a sp\u00f4sobu jej realiz\u00e1cie<\/a> (17.6.2005)<\/p>\n","protected":false},"excerpt":{"rendered":"<p>Slovensk\u00e1 lek\u00e1rska spolo\u010dnos\u0165 k reforme zdravotn\u00edctva SR a sp\u00f4sobu jej realiz\u00e1cie (17.6.2005)<\/p>\n","protected":false},"author":1,"featured_media":0,"parent":0,"menu_order":0,"comment_status":"closed","ping_status":"closed","template":"","meta":{"footnotes":""},"class_list":["post-1560","page","type-page","status-publish","hentry"],"publishpress_future_action":{"enabled":false,"date":"2026-04-20 13:56:21","action":"change-status","newStatus":"draft","terms":[],"taxonomy":"","extraData":[]},"publishpress_future_workflow_manual_trigger":{"enabledWorkflows":[]},"_links":{"self":[{"href":"https:\/\/sls.sk\/web\/wp-json\/wp\/v2\/pages\/1560","targetHints":{"allow":["GET"]}}],"collection":[{"href":"https:\/\/sls.sk\/web\/wp-json\/wp\/v2\/pages"}],"about":[{"href":"https:\/\/sls.sk\/web\/wp-json\/wp\/v2\/types\/page"}],"author":[{"embeddable":true,"href":"https:\/\/sls.sk\/web\/wp-json\/wp\/v2\/users\/1"}],"replies":[{"embeddable":true,"href":"https:\/\/sls.sk\/web\/wp-json\/wp\/v2\/comments?post=1560"}],"version-history":[{"count":1,"href":"https:\/\/sls.sk\/web\/wp-json\/wp\/v2\/pages\/1560\/revisions"}],"predecessor-version":[{"id":1561,"href":"https:\/\/sls.sk\/web\/wp-json\/wp\/v2\/pages\/1560\/revisions\/1561"}],"wp:attachment":[{"href":"https:\/\/sls.sk\/web\/wp-json\/wp\/v2\/media?parent=1560"}],"curies":[{"name":"wp","href":"https:\/\/api.w.org\/{rel}","templated":true}]}}